{"id":166,"date":"2019-09-04T12:06:44","date_gmt":"2019-09-04T10:06:44","guid":{"rendered":"http:\/\/immopresenter3d.com\/?page_id=166"},"modified":"2023-03-15T18:06:22","modified_gmt":"2023-03-15T17:06:22","slug":"solution","status":"publish","type":"page","link":"https:\/\/immopresenter3d.com\/en\/solution\/","title":{"rendered":"Solution"},"content":{"rendered":"<div data-elementor-type=\"wp-page\" data-elementor-id=\"166\" class=\"elementor elementor-166\">\n\t\t\t\t\t\t<div class=\"elementor-inner\">\n\t\t\t\t<div class=\"elementor-section-wrap\">\n\t\t\t\t\t\t\t\t\t<header class=\"elementor-section elementor-top-section elementor-element elementor-element-d6962aa elementor-section-stretched elementor-section-full_width elementor-hidden-phone elementor-section-height-default elementor-section-height-default\" data-id=\"d6962aa\" data-element_type=\"section\" data-settings=\"{&quot;stretch_section&quot;:&quot;section-stretched&quot;}\">\n\t\t\t\t\t\t<div class=\"elementor-container elementor-column-gap-no\">\n\t\t\t\t\t\t\t<div class=\"elementor-row\">\n\t\t\t\t\t<div class=\"elementor-column elementor-col-100 elementor-top-column elementor-element elementor-element-fa944f6\" data-id=\"fa944f6\" data-element_type=\"column\">\n\t\t\t<div class=\"elementor-column-wrap elementor-element-populated\">\n\t\t\t\t\t\t\t<div class=\"elementor-widget-wrap\">\n\t\t\t\t\t\t<div class=\"elementor-element elementor-element-9ed446d elementor-widget__width-inherit elementor-hidden-phone elementor-widget elementor-widget-image\" data-id=\"9ed446d\" data-element_type=\"widget\" data-widget_type=\"image.default\">\n\t\t\t\t<div class=\"elementor-widget-container\">\n\t\t\t\t\t\t\t\t<div class=\"elementor-image\">\n\t\t\t\t\t\t\t\t\t\t\t\t<img decoding=\"async\" width=\"1920\" height=\"880\" src=\"http:\/\/immopresenter3d.com\/wp-content\/uploads\/2019\/10\/ImmoPresenter-3D_Header-Image_Solution_EN.jpg\" class=\"attachment-full size-full wp-image-1460\" alt=\"\" loading=\"lazy\" srcset=\"https:\/\/immopresenter3d.com\/wp-content\/uploads\/2019\/10\/ImmoPresenter-3D_Header-Image_Solution_EN.jpg 1920w, https:\/\/immopresenter3d.com\/wp-content\/uploads\/2019\/10\/ImmoPresenter-3D_Header-Image_Solution_EN-300x138.jpg 300w, https:\/\/immopresenter3d.com\/wp-content\/uploads\/2019\/10\/ImmoPresenter-3D_Header-Image_Solution_EN-768x352.jpg 768w, https:\/\/immopresenter3d.com\/wp-content\/uploads\/2019\/10\/ImmoPresenter-3D_Header-Image_Solution_EN-1024x469.jpg 1024w\" sizes=\"(max-width: 1920px) 100vw, 1920px\" \/>\t\t\t\t\t\t\t\t\t\t\t\t\t\t<\/div>\n\t\t\t\t\t\t<\/div>\n\t\t\t\t<\/div>\n\t\t\t\t\t\t<\/div>\n\t\t\t\t\t<\/div>\n\t\t<\/div>\n\t\t\t\t\t\t\t\t<\/div>\n\t\t\t\t\t<\/div>\n\t\t<\/header>\n\t\t\t\t<header class=\"elementor-section elementor-top-section elementor-element elementor-element-f207d3f elementor-section-stretched elementor-section-full_width elementor-hidden-desktop elementor-hidden-tablet elementor-section-height-default elementor-section-height-default\" data-id=\"f207d3f\" data-element_type=\"section\" data-settings=\"{&quot;stretch_section&quot;:&quot;section-stretched&quot;}\">\n\t\t\t\t\t\t<div class=\"elementor-container elementor-column-gap-no\">\n\t\t\t\t\t\t\t<div class=\"elementor-row\">\n\t\t\t\t\t<div class=\"elementor-column elementor-col-100 elementor-top-column elementor-element elementor-element-1baa632\" data-id=\"1baa632\" data-element_type=\"column\">\n\t\t\t<div class=\"elementor-column-wrap elementor-element-populated\">\n\t\t\t\t\t\t\t<div class=\"elementor-widget-wrap\">\n\t\t\t\t\t\t<div class=\"elementor-element elementor-element-e15a266 elementor-widget__width-inherit elementor-hidden-tablet elementor-widget elementor-widget-image\" data-id=\"e15a266\" data-element_type=\"widget\" data-widget_type=\"image.default\">\n\t\t\t\t<div class=\"elementor-widget-container\">\n\t\t\t\t\t\t\t\t<div class=\"elementor-image\">\n\t\t\t\t\t\t\t\t\t\t\t\t<img decoding=\"async\" width=\"1024\" height=\"668\" src=\"http:\/\/immopresenter3d.com\/wp-content\/uploads\/2019\/10\/ImmoPresenter-3D_Header-Image_Solution_mobile_EN.jpg\" class=\"attachment-full size-full wp-image-1473\" alt=\"\" loading=\"lazy\" srcset=\"https:\/\/immopresenter3d.com\/wp-content\/uploads\/2019\/10\/ImmoPresenter-3D_Header-Image_Solution_mobile_EN.jpg 1024w, https:\/\/immopresenter3d.com\/wp-content\/uploads\/2019\/10\/ImmoPresenter-3D_Header-Image_Solution_mobile_EN-300x196.jpg 300w, https:\/\/immopresenter3d.com\/wp-content\/uploads\/2019\/10\/ImmoPresenter-3D_Header-Image_Solution_mobile_EN-768x501.jpg 768w\" sizes=\"(max-width: 1024px) 100vw, 1024px\" \/>\t\t\t\t\t\t\t\t\t\t\t\t\t\t<\/div>\n\t\t\t\t\t\t<\/div>\n\t\t\t\t<\/div>\n\t\t\t\t\t\t<\/div>\n\t\t\t\t\t<\/div>\n\t\t<\/div>\n\t\t\t\t\t\t\t\t<\/div>\n\t\t\t\t\t<\/div>\n\t\t<\/header>\n\t\t\t\t<section class=\"elementor-section elementor-top-section elementor-element elementor-element-eb5637b elementor-section-stretched bg-grey elementor-section-boxed elementor-section-height-default elementor-section-height-default\" data-id=\"eb5637b\" data-element_type=\"section\" data-settings=\"{&quot;stretch_section&quot;:&quot;section-stretched&quot;}\">\n\t\t\t\t\t\t<div class=\"elementor-container elementor-column-gap-default\">\n\t\t\t\t\t\t\t<div class=\"elementor-row\">\n\t\t\t\t\t<div class=\"elementor-column elementor-col-100 elementor-top-column elementor-element elementor-element-02a3b80 p0\" data-id=\"02a3b80\" data-element_type=\"column\">\n\t\t\t<div class=\"elementor-column-wrap elementor-element-populated\">\n\t\t\t\t\t\t\t<div class=\"elementor-widget-wrap\">\n\t\t\t\t\t\t<div class=\"elementor-element elementor-element-b58ce4b elementor-widget elementor-widget-heading\" data-id=\"b58ce4b\" data-element_type=\"widget\" data-widget_type=\"heading.default\">\n\t\t\t\t<div class=\"elementor-widget-container\">\n\t\t\t<h1 class=\"elementor-heading-title elementor-size-default\">Solution<\/h1>\t\t<\/div>\n\t\t\t\t<\/div>\n\t\t\t\t<div class=\"elementor-element elementor-element-1a2e118 elementor-widget elementor-widget-text-editor\" data-id=\"1a2e118\" data-element_type=\"widget\" data-widget_type=\"text-editor.default\">\n\t\t\t\t<div class=\"elementor-widget-container\">\n\t\t\t\t\t\t\t\t<div class=\"elementor-text-editor elementor-clearfix\">\n\t\t\t\t<p>ImmoPresenter 3D Cloud and VR is an innovative Proptech solution. The digital real estate distribution solution and online platform consistently reapes the unique strengths of Virtual Reality (VR).<\/p><h3>Our unique position<\/h3><div>\u00a0We at ImmoPresenter 3D were the first to realize that real estate purchase and rental decisions can be made in VR in the future. For this, the intrinsic strengths of Virtual Reality must be used consistently. This opens up the possibility of radically changing the business process in real estate sales through automation, rather than using VR merely as an add-on with little added value.<\/div><div>\u00a0<\/div>\t\t\t\t\t<\/div>\n\t\t\t\t\t\t<\/div>\n\t\t\t\t<\/div>\n\t\t\t\t<section class=\"elementor-section elementor-inner-section elementor-element elementor-element-7df6051 elementor-section-boxed elementor-section-height-default elementor-section-height-default\" data-id=\"7df6051\" data-element_type=\"section\">\n\t\t\t\t\t\t<div class=\"elementor-container elementor-column-gap-default\">\n\t\t\t\t\t\t\t<div class=\"elementor-row\">\n\t\t\t\t\t<div class=\"elementor-column elementor-col-50 elementor-inner-column elementor-element elementor-element-f6b2aae\" data-id=\"f6b2aae\" data-element_type=\"column\">\n\t\t\t<div class=\"elementor-column-wrap elementor-element-populated\">\n\t\t\t\t\t\t\t<div class=\"elementor-widget-wrap\">\n\t\t\t\t\t\t<div class=\"elementor-element elementor-element-e5f4f29 elementor-widget elementor-widget-text-editor\" data-id=\"e5f4f29\" data-element_type=\"widget\" data-widget_type=\"text-editor.default\">\n\t\t\t\t<div class=\"elementor-widget-container\">\n\t\t\t\t\t\t\t\t<div class=\"elementor-text-editor elementor-clearfix\">\n\t\t\t\t<h3 style=\"text-align: left;\">ImmoPresenter 3D VR Software<\/h3><p style=\"text-align: left;\">Essentially, ImmoPresenter 3D consists of a VR application in which interested parties visit real estate (new or existing) and virtually commit. A real estate consultant takes over the navigation for those interested. Thus, a pleasant and particularly impressive experience is guaranteed.\u00a0<\/p><p style=\"text-align: left;\">A special selling point is that several interested parties can participate at the same time - and even remotely, that means anywhere in the world!<\/p><p style=\"text-align: left;\">On the tablet, the consultant observes what the individual VR users see and thus can accurately answer context-specific questions. An optional, additional screen (third screen) also displays the individual views of the VR users. In this capacity, further interested parties can gain additional insights into the properties shown in the VR tour.<\/p>\t\t\t\t\t<\/div>\n\t\t\t\t\t\t<\/div>\n\t\t\t\t<\/div>\n\t\t\t\t\t\t<\/div>\n\t\t\t\t\t<\/div>\n\t\t<\/div>\n\t\t\t\t<div class=\"elementor-column elementor-col-50 elementor-inner-column elementor-element elementor-element-3e5ebf6\" data-id=\"3e5ebf6\" data-element_type=\"column\">\n\t\t\t<div class=\"elementor-column-wrap elementor-element-populated\">\n\t\t\t\t\t\t\t<div class=\"elementor-widget-wrap\">\n\t\t\t\t\t\t<div class=\"elementor-element elementor-element-31092d0 elementor-widget elementor-widget-image\" data-id=\"31092d0\" data-element_type=\"widget\" data-widget_type=\"image.default\">\n\t\t\t\t<div class=\"elementor-widget-container\">\n\t\t\t\t\t\t\t\t<div class=\"elementor-image\">\n\t\t\t\t\t\t\t\t\t\t\t\t\t<a href=\"http:\/\/immopresenter3d.com\/wp-content\/uploads\/2019\/10\/EMC-Schema_DE.jpg\" data-elementor-open-lightbox=\"yes\" data-elementor-lightbox-title=\"EMC Schema-Grafik\" data-elementor-lightbox-description=\"EMC Schema-Grafik\" data-e-action-hash=\"#elementor-action%3Aaction%3Dlightbox%26settings%3DeyJpZCI6OTcyLCJ1cmwiOiJodHRwczpcL1wvaW1tb3ByZXNlbnRlcjNkLmNvbVwvd3AtY29udGVudFwvdXBsb2Fkc1wvMjAxOVwvMTBcL0VNQy1TY2hlbWFfREUuanBnIn0%3D\">\n\t\t\t\t\t\t\t<img decoding=\"async\" width=\"1024\" height=\"840\" src=\"http:\/\/immopresenter3d.com\/wp-content\/uploads\/2019\/10\/EMC-Schema_EN.jpg\" class=\"attachment-large size-large wp-image-972\" alt=\"\" loading=\"lazy\" srcset=\"https:\/\/immopresenter3d.com\/wp-content\/uploads\/2019\/10\/EMC-Schema_EN.jpg 2048w, https:\/\/immopresenter3d.com\/wp-content\/uploads\/2019\/10\/EMC-Schema_EN-300x246.jpg 300w, https:\/\/immopresenter3d.com\/wp-content\/uploads\/2019\/10\/EMC-Schema_EN-768x630.jpg 768w, https:\/\/immopresenter3d.com\/wp-content\/uploads\/2019\/10\/EMC-Schema_EN-1024x840.jpg 1024w\" sizes=\"(max-width: 1024px) 100vw, 1024px\" \/>\t\t\t\t\t\t\t\t<\/a>\n\t\t\t\t\t\t\t\t\t\t\t\t\t\t<\/div>\n\t\t\t\t\t\t<\/div>\n\t\t\t\t<\/div>\n\t\t\t\t\t\t<\/div>\n\t\t\t\t\t<\/div>\n\t\t<\/div>\n\t\t\t\t\t\t\t\t<\/div>\n\t\t\t\t\t<\/div>\n\t\t<\/section>\n\t\t\t\t<section class=\"elementor-section elementor-inner-section elementor-element elementor-element-ae5896d elementor-section-boxed elementor-section-height-default elementor-section-height-default\" data-id=\"ae5896d\" data-element_type=\"section\">\n\t\t\t\t\t\t<div class=\"elementor-container elementor-column-gap-default\">\n\t\t\t\t\t\t\t<div class=\"elementor-row\">\n\t\t\t\t\t<div class=\"elementor-column elementor-col-50 elementor-inner-column elementor-element elementor-element-169c408\" data-id=\"169c408\" data-element_type=\"column\">\n\t\t\t<div class=\"elementor-column-wrap elementor-element-populated\">\n\t\t\t\t\t\t\t<div class=\"elementor-widget-wrap\">\n\t\t\t\t\t\t<div class=\"elementor-element elementor-element-b8424d5 elementor-widget elementor-widget-text-editor\" data-id=\"b8424d5\" data-element_type=\"widget\" data-widget_type=\"text-editor.default\">\n\t\t\t\t<div class=\"elementor-widget-container\">\n\t\t\t\t\t\t\t\t<div class=\"elementor-text-editor elementor-clearfix\">\n\t\t\t\t<h3 style=\"text-align: left;\">ImmoPresenter 3D Cloud<\/h3><p style=\"text-align: left;\">The associated, AI-supported ImmoPresenter 3D Cloud enables the easy distribution and management of real estate data and associated 3D media.<\/p>\t\t\t\t\t<\/div>\n\t\t\t\t\t\t<\/div>\n\t\t\t\t<\/div>\n\t\t\t\t\t\t<\/div>\n\t\t\t\t\t<\/div>\n\t\t<\/div>\n\t\t\t\t<div class=\"elementor-column elementor-col-50 elementor-inner-column elementor-element elementor-element-d7f768d\" data-id=\"d7f768d\" data-element_type=\"column\">\n\t\t\t<div class=\"elementor-column-wrap elementor-element-populated\">\n\t\t\t\t\t\t\t<div class=\"elementor-widget-wrap\">\n\t\t\t\t\t\t<div class=\"elementor-element elementor-element-5efad70 elementor-widget elementor-widget-image\" data-id=\"5efad70\" data-element_type=\"widget\" data-widget_type=\"image.default\">\n\t\t\t\t<div class=\"elementor-widget-container\">\n\t\t\t\t\t\t\t\t<div class=\"elementor-image\">\n\t\t\t\t\t\t\t\t\t\t\t\t\t<a href=\"http:\/\/immopresenter3d.com\/wp-content\/uploads\/2019\/10\/EMC-Cloud-Schema_DE.jpg\" data-elementor-open-lightbox=\"yes\" data-elementor-lightbox-title=\"ImmoPresenter 3D Cloud Schema_DE\" data-e-action-hash=\"#elementor-action%3Aaction%3Dlightbox%26settings%3DeyJpZCI6Nzg2LCJ1cmwiOiJodHRwczpcL1wvaW1tb3ByZXNlbnRlcjNkLmNvbVwvd3AtY29udGVudFwvdXBsb2Fkc1wvMjAxOVwvMTBcL0VNQy1DbG91ZC1TY2hlbWFfREUuanBnIn0%3D\">\n\t\t\t\t\t\t\t<img decoding=\"async\" width=\"1024\" height=\"640\" src=\"http:\/\/immopresenter3d.com\/wp-content\/uploads\/2019\/10\/EMC-Cloud-Schema_EN.jpg\" class=\"attachment-large size-large wp-image-786\" alt=\"\" loading=\"lazy\" srcset=\"https:\/\/immopresenter3d.com\/wp-content\/uploads\/2019\/10\/EMC-Cloud-Schema_EN.jpg 2048w, https:\/\/immopresenter3d.com\/wp-content\/uploads\/2019\/10\/EMC-Cloud-Schema_EN-300x188.jpg 300w, https:\/\/immopresenter3d.com\/wp-content\/uploads\/2019\/10\/EMC-Cloud-Schema_EN-768x480.jpg 768w, https:\/\/immopresenter3d.com\/wp-content\/uploads\/2019\/10\/EMC-Cloud-Schema_EN-1024x640.jpg 1024w\" sizes=\"(max-width: 1024px) 100vw, 1024px\" \/>\t\t\t\t\t\t\t\t<\/a>\n\t\t\t\t\t\t\t\t\t\t\t\t\t\t<\/div>\n\t\t\t\t\t\t<\/div>\n\t\t\t\t<\/div>\n\t\t\t\t\t\t<\/div>\n\t\t\t\t\t<\/div>\n\t\t<\/div>\n\t\t\t\t\t\t\t\t<\/div>\n\t\t\t\t\t<\/div>\n\t\t<\/section>\n\t\t\t\t<div class=\"elementor-element elementor-element-8369a04 elementor-widget elementor-widget-spacer\" data-id=\"8369a04\" data-element_type=\"widget\" data-widget_type=\"spacer.default\">\n\t\t\t\t<div class=\"elementor-widget-container\">\n\t\t\t\t\t<div class=\"elementor-spacer\">\n\t\t\t<div class=\"elementor-spacer-inner\"><\/div>\n\t\t<\/div>\n\t\t\t\t<\/div>\n\t\t\t\t<\/div>\n\t\t\t\t<div class=\"elementor-element elementor-element-9dd0051 elementor-align-center ip3d-btn elementor-widget elementor-widget-button\" data-id=\"9dd0051\" data-element_type=\"widget\" data-widget_type=\"button.default\">\n\t\t\t\t<div class=\"elementor-widget-container\">\n\t\t\t\t\t<div class=\"elementor-button-wrapper\">\n\t\t\t<a href=\"https:\/\/immopresenter3d.com\/en\/kontakt\/\" class=\"elementor-button-link elementor-button elementor-size-lg\" role=\"button\">\n\t\t\t\t\t\t<span class=\"elementor-button-content-wrapper\">\n\t\t\t\t\t\t<span class=\"elementor-button-text\">Contact us now for a demo!<\/span>\n\t\t<\/span>\n\t\t\t\t\t<\/a>\n\t\t<\/div>\n\t\t\t\t<\/div>\n\t\t\t\t<\/div>\n\t\t\t\t\t\t<\/div>\n\t\t\t\t\t<\/div>\n\t\t<\/div>\n\t\t\t\t\t\t\t\t<\/div>\n\t\t\t\t\t<\/div>\n\t\t<\/section>\n\t\t\t\t\t\t\t\t\t<\/div>\n\t\t\t<\/div>\n\t\t\t\t\t<\/div>","protected":false},"excerpt":{"rendered":"<p>Solution ImmoPresenter 3D Cloud und VR ist eine innovative Proptech L\u00f6sung. Die digitale Immobilien-Vertriebsl\u00f6sung und Online-Plattform spielt die einzigartigen St\u00e4rken von Virtual Reality (VR) konsequent aus. Unsere Alleinstelllung Wir von ImmoPresenter 3D haben als erste erkannt, dass Immobilienkauf- und Mietentscheidungen zuk\u00fcnftig in VR getroffen werden k\u00f6nnen. Dazu m\u00fcssen die immanenten St\u00e4rken von Virtual Reality konsequent &hellip;<\/p>\n<p class=\"read-more\"> <a class=\"\" href=\"https:\/\/immopresenter3d.com\/en\/solution\/\"> <span class=\"screen-reader-text\">Solution<\/span> Read More &raquo;<\/a><\/p>","protected":false},"author":1,"featured_media":0,"parent":0,"menu_order":0,"comment_status":"closed","ping_status":"closed","template":"","meta":{"_mi_skip_tracking":false},"jetpack_sharing_enabled":false,"jetpack_likes_enabled":false,"_links":{"self":[{"href":"https:\/\/immopresenter3d.com\/en\/wp-json\/wp\/v2\/pages\/166"}],"collection":[{"href":"https:\/\/immopresenter3d.com\/en\/wp-json\/wp\/v2\/pages"}],"about":[{"href":"https:\/\/immopresenter3d.com\/en\/wp-json\/wp\/v2\/types\/page"}],"author":[{"embeddable":true,"href":"https:\/\/immopresenter3d.com\/en\/wp-json\/wp\/v2\/users\/1"}],"replies":[{"embeddable":true,"href":"https:\/\/immopresenter3d.com\/en\/wp-json\/wp\/v2\/comments?post=166"}],"version-history":[{"count":138,"href":"https:\/\/immopresenter3d.com\/en\/wp-json\/wp\/v2\/pages\/166\/revisions"}],"predecessor-version":[{"id":3456,"href":"https:\/\/immopresenter3d.com\/en\/wp-json\/wp\/v2\/pages\/166\/revisions\/3456"}],"wp:attachment":[{"href":"https:\/\/immopresenter3d.com\/en\/wp-json\/wp\/v2\/media?parent=166"}],"curies":[{"name":"wp","href":"https:\/\/api.w.org\/{rel}","templated":true}]}}