{"id":296,"date":"2019-09-05T18:33:02","date_gmt":"2019-09-05T16:33:02","guid":{"rendered":"http:\/\/immopresenter3d.com\/?page_id=296"},"modified":"2023-03-15T18:01:53","modified_gmt":"2023-03-15T17:01:53","slug":"impressum","status":"publish","type":"page","link":"https:\/\/immopresenter3d.com\/en\/impressum\/","title":{"rendered":"imprint"},"content":{"rendered":"<div data-elementor-type=\"wp-page\" data-elementor-id=\"296\" class=\"elementor elementor-296\">\n\t\t\t\t\t\t<div class=\"elementor-inner\">\n\t\t\t\t<div class=\"elementor-section-wrap\">\n\t\t\t\t\t\t\t\t\t<section class=\"elementor-section elementor-top-section elementor-element elementor-element-071a7f9 bg-grey elementor-section-boxed elementor-section-height-default elementor-section-height-default\" data-id=\"071a7f9\" data-element_type=\"section\">\n\t\t\t\t\t\t<div class=\"elementor-container elementor-column-gap-default\">\n\t\t\t\t\t\t\t<div class=\"elementor-row\">\n\t\t\t\t\t<div class=\"elementor-column elementor-col-100 elementor-top-column elementor-element elementor-element-1088e9a\" data-id=\"1088e9a\" data-element_type=\"column\">\n\t\t\t<div class=\"elementor-column-wrap elementor-element-populated\">\n\t\t\t\t\t\t\t<div class=\"elementor-widget-wrap\">\n\t\t\t\t\t\t<section class=\"elementor-section elementor-inner-section elementor-element elementor-element-e5f30d3 elementor-section-boxed elementor-section-height-default elementor-section-height-default\" data-id=\"e5f30d3\" data-element_type=\"section\">\n\t\t\t\t\t\t<div class=\"elementor-container elementor-column-gap-default\">\n\t\t\t\t\t\t\t<div class=\"elementor-row\">\n\t\t\t\t\t<div class=\"elementor-column elementor-col-100 elementor-inner-column elementor-element elementor-element-925dda7\" data-id=\"925dda7\" data-element_type=\"column\">\n\t\t\t<div class=\"elementor-column-wrap elementor-element-populated\">\n\t\t\t\t\t\t\t<div class=\"elementor-widget-wrap\">\n\t\t\t\t\t\t<div class=\"elementor-element elementor-element-c895e6d elementor-widget elementor-widget-heading\" data-id=\"c895e6d\" data-element_type=\"widget\" data-widget_type=\"heading.default\">\n\t\t\t\t<div class=\"elementor-widget-container\">\n\t\t\t<h1 class=\"elementor-heading-title elementor-size-default\">imprint<\/h1>\t\t<\/div>\n\t\t\t\t<\/div>\n\t\t\t\t\t\t<\/div>\n\t\t\t\t\t<\/div>\n\t\t<\/div>\n\t\t\t\t\t\t\t\t<\/div>\n\t\t\t\t\t<\/div>\n\t\t<\/section>\n\t\t\t\t<div class=\"elementor-element elementor-element-abcb197 elementor-widget elementor-widget-text-editor\" data-id=\"abcb197\" data-element_type=\"widget\" data-widget_type=\"text-editor.default\">\n\t\t\t\t<div class=\"elementor-widget-container\">\n\t\t\t\t\t\t\t\t<div class=\"elementor-text-editor elementor-clearfix\">\n\t\t\t\t<p>For:<\/p><p>www.immopresenter3d.com<\/p><p><strong>operator<\/strong><\/p><p>Eliser Wiedemann<br \/><span style=\"font-size: 18px;\">Schluderstr. 10<br \/><\/span><span style=\"font-size: 18px;\">80634 Munich<\/span><\/p><p><a href=\"mailto:hello@immopresenter3d.com\">hello@immopresenter3d.com<\/a><\/p><p><strong>Seat of the company<br \/><\/strong>Munich<\/p><p><strong style=\"font-size: 17px; font-family: var( --e-global-typography-text-font-family ), Sans-serif; background-color: initial;\">Implementation \/ technology and thanks to WordPress<\/strong><\/p><p>The ImmoPresenter 3D UG website was implemented in WordPress. Many thanks to the WordPress team for this great open source project! For more information about WordPress, see <a title=\"Thanks to WordPress\" href=\"http:\/\/wordpress-deutschland.org\/\" target=\"_blank\" rel=\"noopener\">wordpress-deutschland.org\u00a0<\/a>(German) and on\u00a0<a title=\"Thank You WordPress Team!\" href=\"http:\/\/wordpress.org\/\" target=\"_blank\" rel=\"noopener\">wordpress.org<\/a>\u00a0(English).<\/p><p><strong>Disclaimer<\/strong><\/p><p>The following terms of use apply to the use of this website in the relationship between the user and the operator of the site. These Terms of Use are deemed binding upon the use of this website.<\/p><p>This website contains data, information and other content that is protected by copyright and \/ or trademark law. It is prohibited to reproduce and distribute the website or any part of it.<\/p><p>Anyone is allowed to put one or more links on this website. However, the operator reserves the right to revoke this permission. The presentation of this website in a frame is not allowed.<\/p><p>The operator is liable for the contents of this website in accordance with the statutory provisions. He assumes no liability for the accuracy and completeness of the content and information provided on this website.<\/p><p>If a contractual relationship is established between the operator and the user, the law of the Federal Republic of Germany applies to the contractual relationship. Excluded from this choice of law are the mandatory consumer protection regulations of the country in which the customer has his habitual residence. Furthermore, the choice of law does not apply if the user asserts the infringement of intellectual property rights. The application of the UN Sales Convention is excluded.<\/p><p>All texts on the website have been carefully checked. Nevertheless, no guarantee can be given for the accuracy, completeness and timeliness of the information.<\/p><p>Our own links to external sites are only guideposts to these pages. We do not identify with the content of the linked sites and assume no liability for them. If any of the linked sites contain content that is objectionable or unlawful, you will be asked to notify.<\/p><p>The place of jurisdiction for all disputes relating to the use of the website is the registered office of the operator, provided that the user is a merchant, a legal entity under public law or a special fund under public law<\/p>\t\t\t\t\t<\/div>\n\t\t\t\t\t\t<\/div>\n\t\t\t\t<\/div>\n\t\t\t\t\t\t<\/div>\n\t\t\t\t\t<\/div>\n\t\t<\/div>\n\t\t\t\t\t\t\t\t<\/div>\n\t\t\t\t\t<\/div>\n\t\t<\/section>\n\t\t\t\t\t\t\t\t\t<\/div>\n\t\t\t<\/div>\n\t\t\t\t\t<\/div>","protected":false},"excerpt":{"rendered":"<p>Impressum F\u00fcr: www.immopresenter3d.com Betreiber Eliser WiedemannSchluderstr. 1080634 M\u00fcnchen hello@immopresenter3d.com Sitz der GesellschaftM\u00fcnchen Umsetzung\/ Technologie und Danksagung an WordPress Die ImmoPresenter 3D UG Webseite wurde in WordPress umgesetzt. Vielen Dank an das WordPress Team f\u00fcr dieses tolle Open Source Projekt! Weitere Infos zu WordPress finden Sie unter wordpress-deutschland.org\u00a0(Deutsch) und auf\u00a0wordpress.org\u00a0(Englisch). Disclaimer F\u00fcr die Nutzung dieser Website &hellip;<\/p>\n<p class=\"read-more\"> <a class=\"\" href=\"https:\/\/immopresenter3d.com\/en\/impressum\/\"> <span class=\"screen-reader-text\">imprint<\/span> Read More &raquo;<\/a><\/p>","protected":false},"author":1,"featured_media":0,"parent":0,"menu_order":0,"comment_status":"closed","ping_status":"closed","template":"","meta":{"_mi_skip_tracking":false},"jetpack_sharing_enabled":true,"jetpack_likes_enabled":true,"_links":{"self":[{"href":"https:\/\/immopresenter3d.com\/en\/wp-json\/wp\/v2\/pages\/296"}],"collection":[{"href":"https:\/\/immopresenter3d.com\/en\/wp-json\/wp\/v2\/pages"}],"about":[{"href":"https:\/\/immopresenter3d.com\/en\/wp-json\/wp\/v2\/types\/page"}],"author":[{"embeddable":true,"href":"https:\/\/immopresenter3d.com\/en\/wp-json\/wp\/v2\/users\/1"}],"replies":[{"embeddable":true,"href":"https:\/\/immopresenter3d.com\/en\/wp-json\/wp\/v2\/comments?post=296"}],"version-history":[{"count":27,"href":"https:\/\/immopresenter3d.com\/en\/wp-json\/wp\/v2\/pages\/296\/revisions"}],"predecessor-version":[{"id":3451,"href":"https:\/\/immopresenter3d.com\/en\/wp-json\/wp\/v2\/pages\/296\/revisions\/3451"}],"wp:attachment":[{"href":"https:\/\/immopresenter3d.com\/en\/wp-json\/wp\/v2\/media?parent=296"}],"curies":[{"name":"wp","href":"https:\/\/api.w.org\/{rel}","templated":true}]}}