{"id":296,"date":"2019-09-05T18:33:02","date_gmt":"2019-09-05T16:33:02","guid":{"rendered":"http:\/\/immopresenter3d.com\/?page_id=296"},"modified":"2023-03-15T18:01:53","modified_gmt":"2023-03-15T17:01:53","slug":"impressum","status":"publish","type":"page","link":"https:\/\/immopresenter3d.com\/zh\/impressum\/","title":{"rendered":"\u7248\u672c\u8bf4\u660e"},"content":{"rendered":"<div data-elementor-type=\"wp-page\" data-elementor-id=\"296\" class=\"elementor elementor-296\">\n\t\t\t\t\t\t<div class=\"elementor-inner\">\n\t\t\t\t<div class=\"elementor-section-wrap\">\n\t\t\t\t\t\t\t\t\t<section class=\"elementor-section elementor-top-section elementor-element elementor-element-071a7f9 bg-grey elementor-section-boxed elementor-section-height-default elementor-section-height-default\" data-id=\"071a7f9\" data-element_type=\"section\">\n\t\t\t\t\t\t<div class=\"elementor-container elementor-column-gap-default\">\n\t\t\t\t\t\t\t<div class=\"elementor-row\">\n\t\t\t\t\t<div class=\"elementor-column elementor-col-100 elementor-top-column elementor-element elementor-element-1088e9a\" data-id=\"1088e9a\" data-element_type=\"column\">\n\t\t\t<div class=\"elementor-column-wrap elementor-element-populated\">\n\t\t\t\t\t\t\t<div class=\"elementor-widget-wrap\">\n\t\t\t\t\t\t<section class=\"elementor-section elementor-inner-section elementor-element elementor-element-e5f30d3 elementor-section-boxed elementor-section-height-default elementor-section-height-default\" data-id=\"e5f30d3\" data-element_type=\"section\">\n\t\t\t\t\t\t<div class=\"elementor-container elementor-column-gap-default\">\n\t\t\t\t\t\t\t<div class=\"elementor-row\">\n\t\t\t\t\t<div class=\"elementor-column elementor-col-100 elementor-inner-column elementor-element elementor-element-925dda7\" data-id=\"925dda7\" data-element_type=\"column\">\n\t\t\t<div class=\"elementor-column-wrap elementor-element-populated\">\n\t\t\t\t\t\t\t<div class=\"elementor-widget-wrap\">\n\t\t\t\t\t\t<div class=\"elementor-element elementor-element-c895e6d elementor-widget elementor-widget-heading\" data-id=\"c895e6d\" data-element_type=\"widget\" data-widget_type=\"heading.default\">\n\t\t\t\t<div class=\"elementor-widget-container\">\n\t\t\t<h1 class=\"elementor-heading-title elementor-size-default\">\u7248\u672c\u8bf4\u660e<\/h1>\t\t<\/div>\n\t\t\t\t<\/div>\n\t\t\t\t\t\t<\/div>\n\t\t\t\t\t<\/div>\n\t\t<\/div>\n\t\t\t\t\t\t\t\t<\/div>\n\t\t\t\t\t<\/div>\n\t\t<\/section>\n\t\t\t\t<div class=\"elementor-element elementor-element-abcb197 elementor-widget elementor-widget-text-editor\" data-id=\"abcb197\" data-element_type=\"widget\" data-widget_type=\"text-editor.default\">\n\t\t\t\t<div class=\"elementor-widget-container\">\n\t\t\t\t\t\t\t\t<div class=\"elementor-text-editor elementor-clearfix\">\n\t\t\t\t<p>\u4e3a\uff1a<\/p><p>www.immopresenter3d.com<\/p><p><strong>\u64cd\u4f5c\u8005<\/strong><\/p><p>\u57c3\u52d2\u00b7\u7ef4\u5fb7\u66fc<br \/><span style=\"font-size: 18px;\">\u65bd\u5362\u5fb7\u65af\u727910<br \/><\/span><span style=\"font-size: 18px;\">80634\u6155\u5c3c\u9ed1<\/span><\/p><p><a href=\"mailto:hello@immopresenter3d.com\">hello@immopresenter3d.com<\/a><\/p><p><strong>\u516c\u53f8\u6240\u5728\u5730<br \/><\/strong>\u6155\u5c3c\u9ed1<\/p><p><strong style=\"font-size: 17px; font-family: var( --e-global-typography-text-font-family ), Sans-serif; background-color: initial;\">\u5b9e\u65bd\/\u6280\u672f\uff0c\u611f\u8c22WordPress<\/strong><\/p><p>ImmoPresenter 3D UG\u7f51\u7ad9\u5df2\u5728WordPress\u4e2d\u5b9e\u73b0\u3002\u975e\u5e38\u611f\u8c22WordPress\u56e2\u961f\u4e3a\u8fd9\u4e2a\u51fa\u8272\u7684\u5f00\u6e90\u9879\u76ee\uff01\u6709\u5173WordPress\u7684\u66f4\u591a\u4fe1\u606f\uff0c\u8bf7\u53c2\u89c1 <a title=\"\u591a\u4e8f\u4e86WordPress\" href=\"http:\/\/wordpress-deutschland.org\/\" target=\"_blank\" rel=\"noopener\">wordpress-deutschland.org\u00a0<\/a>\uff08\u5fb7\u8bed\uff09\u53ca\u4ee5\u4e0a\u00a0<a title=\"\u8c22\u8c22WordPress\u56e2\u961f\uff01\" href=\"http:\/\/wordpress.org\/\" target=\"_blank\" rel=\"noopener\">wordpress.org<\/a>\u00a0\uff08\u82f1\u6587\uff09\u3002<\/p><p><strong>\u653e\u5f03<\/strong><\/p><p>\u4ee5\u4e0b\u4f7f\u7528\u6761\u6b3e\u4ee5\u7528\u6237\u4e0e\u7f51\u7ad9\u8fd0\u8425\u5546\u4e4b\u95f4\u7684\u5173\u7cfb\u9002\u7528\u4e8e\u672c\u7f51\u7ad9\u7684\u4f7f\u7528\u3002\u8fd9\u4e9b\u4f7f\u7528\u6761\u6b3e\u88ab\u89c6\u4e3a\u5bf9\u4f7f\u7528\u672c\u7f51\u7ad9\u5177\u6709\u7ea6\u675f\u529b\u3002<\/p><p>\u672c\u7f51\u7ad9\u5305\u542b\u53d7\u7248\u6743\u548c\/\u6216\u5546\u6807\u6cd5\u4fdd\u62a4\u7684\u6570\u636e\uff0c\u4fe1\u606f\u548c\u5176\u4ed6\u5185\u5bb9\u3002\u7981\u6b62\u590d\u5236\u548c\u5206\u53d1\u672c\u7f51\u7ad9\u6216\u5176\u4efb\u4f55\u90e8\u5206\u3002<\/p><p>\u4efb\u4f55\u4eba\u90fd\u53ef\u4ee5\u5728\u8be5\u7f51\u7ad9\u4e0a\u653e\u7f6e\u4e00\u4e2a\u6216\u591a\u4e2a\u94fe\u63a5\u3002\u4f46\u662f\uff0c\u8fd0\u8425\u5546\u4fdd\u7559\u64a4\u9500\u6b64\u8bb8\u53ef\u7684\u6743\u5229\u3002\u4e0d\u5141\u8bb8\u4ee5\u6846\u67b6\u5f62\u5f0f\u5c55\u793a\u6b64\u7f51\u7ad9\u3002<\/p><p>\u6839\u636e\u6cd5\u5b9a\u89c4\u5b9a\uff0c\u8fd0\u8425\u5546\u5e94\u5bf9\u672c\u7f51\u7ad9\u7684\u5185\u5bb9\u8d1f\u8d23\u3002\u5bf9\u4e8e\u672c\u7f51\u7ad9\u63d0\u4f9b\u7684\u5185\u5bb9\u548c\u4fe1\u606f\u7684\u51c6\u786e\u6027\u548c\u5b8c\u6574\u6027\uff0c\u4ed6\u4e0d\u627f\u62c5\u4efb\u4f55\u8d23\u4efb\u3002<\/p><p>\u5982\u679c\u5728\u8fd0\u8425\u5546\u548c\u7528\u6237\u4e4b\u95f4\u5efa\u7acb\u4e86\u5408\u540c\u5173\u7cfb\uff0c\u5219\u8be5\u5408\u540c\u5173\u7cfb\u9002\u7528\u5fb7\u610f\u5fd7\u8054\u90a6\u5171\u548c\u56fd\u6cd5\u5f8b\u3002\u8fd9\u79cd\u6cd5\u5f8b\u9009\u62e9\u4e0d\u5305\u62ec\u5ba2\u6237\u5c45\u4f4f\u5730\u6240\u5728\u56fd\u5bb6\/\u5730\u533a\u7684\u5f3a\u5236\u6027\u6d88\u8d39\u8005\u4fdd\u62a4\u6cd5\u89c4\u3002\u6b64\u5916\uff0c\u5982\u679c\u7528\u6237\u58f0\u79f0\u4fb5\u72af\u4e86\u77e5\u8bc6\u4ea7\u6743\uff0c\u5219\u6cd5\u5f8b\u9009\u62e9\u4e0d\u9002\u7528\u3002\u8054\u5408\u56fd\u9500\u552e\u516c\u7ea6\u7684\u9002\u7528\u4e0d\u5305\u62ec\u5728\u5185\u3002<\/p><p>\u7f51\u7ad9\u4e0a\u7684\u6240\u6709\u6587\u5b57\u5747\u7ecf\u8fc7\u4ed4\u7ec6\u68c0\u67e5\u3002\u4f46\u662f\uff0c\u4e0d\u80fd\u4fdd\u8bc1\u4fe1\u606f\u7684\u51c6\u786e\u6027\uff0c\u5b8c\u6574\u6027\u548c\u53ca\u65f6\u6027\u3002<\/p><p>\u6211\u4eec\u81ea\u5df1\u5230\u5916\u90e8\u7ad9\u70b9\u7684\u94fe\u63a5\u53ea\u662f\u8fd9\u4e9b\u9875\u9762\u7684\u6307\u5357\uff0c\u6211\u4eec\u4e0d\u8ba4\u540c\u6240\u94fe\u63a5\u7ad9\u70b9\u7684\u5185\u5bb9\uff0c\u4e5f\u4e0d\u5bf9\u5b83\u4eec\u627f\u62c5\u4efb\u4f55\u8d23\u4efb\u3002\u5982\u679c\u4efb\u4f55\u94fe\u63a5\u7684\u7ad9\u70b9\u5305\u542b\u4ee4\u4eba\u53cd\u611f\u6216\u975e\u6cd5\u7684\u5185\u5bb9\uff0c\u5c06\u8981\u6c42\u60a8\u8fdb\u884c\u901a\u77e5\u3002<\/p><p>\u4e0e\u7528\u6237\u4f7f\u7528\u7f51\u7ad9\u6709\u5173\u7684\u6240\u6709\u7ea0\u7eb7\u7684\u7ba1\u8f96\u5730\u662f\u8fd0\u8425\u5546\u7684\u6240\u5728\u5730\uff0c\u4f46\u524d\u63d0\u662f\u7528\u6237\u662f\u5546\u4eba\uff0c\u516c\u6cd5\u4e0b\u7684\u6cd5\u4eba\u5b9e\u4f53\u6216\u516c\u6cd5\u4e0b\u7684\u7279\u6b8a\u8d44\u91d1<\/p>\t\t\t\t\t<\/div>\n\t\t\t\t\t\t<\/div>\n\t\t\t\t<\/div>\n\t\t\t\t\t\t<\/div>\n\t\t\t\t\t<\/div>\n\t\t<\/div>\n\t\t\t\t\t\t\t\t<\/div>\n\t\t\t\t\t<\/div>\n\t\t<\/section>\n\t\t\t\t\t\t\t\t\t<\/div>\n\t\t\t<\/div>\n\t\t\t\t\t<\/div>","protected":false},"excerpt":{"rendered":"<p>Impressum F\u00fcr: www.immopresenter3d.com Betreiber Eliser WiedemannSchluderstr. 1080634 M\u00fcnchen hello@immopresenter3d.com Sitz der GesellschaftM\u00fcnchen Umsetzung\/ Technologie und Danksagung an WordPress Die ImmoPresenter 3D UG Webseite wurde in WordPress umgesetzt. Vielen Dank an das WordPress Team f\u00fcr dieses tolle Open Source Projekt! Weitere Infos zu WordPress finden Sie unter wordpress-deutschland.org\u00a0(Deutsch) und auf\u00a0wordpress.org\u00a0(Englisch). Disclaimer F\u00fcr die Nutzung dieser Website &hellip;<\/p>\n<p class=\"read-more\"> <a class=\"\" href=\"https:\/\/immopresenter3d.com\/zh\/impressum\/\"> <span class=\"screen-reader-text\">\u7248\u672c\u8bf4\u660e<\/span> \u67e5\u770b\u5168\u6587\u00bb<\/a><\/p>","protected":false},"author":1,"featured_media":0,"parent":0,"menu_order":0,"comment_status":"closed","ping_status":"closed","template":"","meta":{"_mi_skip_tracking":false},"jetpack_sharing_enabled":true,"jetpack_likes_enabled":true,"_links":{"self":[{"href":"https:\/\/immopresenter3d.com\/zh\/wp-json\/wp\/v2\/pages\/296"}],"collection":[{"href":"https:\/\/immopresenter3d.com\/zh\/wp-json\/wp\/v2\/pages"}],"about":[{"href":"https:\/\/immopresenter3d.com\/zh\/wp-json\/wp\/v2\/types\/page"}],"author":[{"embeddable":true,"href":"https:\/\/immopresenter3d.com\/zh\/wp-json\/wp\/v2\/users\/1"}],"replies":[{"embeddable":true,"href":"https:\/\/immopresenter3d.com\/zh\/wp-json\/wp\/v2\/comments?post=296"}],"version-history":[{"count":27,"href":"https:\/\/immopresenter3d.com\/zh\/wp-json\/wp\/v2\/pages\/296\/revisions"}],"predecessor-version":[{"id":3451,"href":"https:\/\/immopresenter3d.com\/zh\/wp-json\/wp\/v2\/pages\/296\/revisions\/3451"}],"wp:attachment":[{"href":"https:\/\/immopresenter3d.com\/zh\/wp-json\/wp\/v2\/media?parent=296"}],"curies":[{"name":"wp","href":"https:\/\/api.w.org\/{rel}","templated":true}]}}