{"id":445,"date":"2019-09-12T16:35:31","date_gmt":"2019-09-12T14:35:31","guid":{"rendered":"http:\/\/immopresenter3d.com\/?page_id=445"},"modified":"2023-03-15T18:07:41","modified_gmt":"2023-03-15T17:07:41","slug":"benefits","status":"publish","type":"page","link":"https:\/\/immopresenter3d.com\/zh\/benefits\/","title":{"rendered":"\u4f18\u70b9"},"content":{"rendered":"<div data-elementor-type=\"wp-page\" data-elementor-id=\"445\" class=\"elementor elementor-445\">\n\t\t\t\t\t\t<div class=\"elementor-inner\">\n\t\t\t\t<div class=\"elementor-section-wrap\">\n\t\t\t\t\t\t\t\t\t<header class=\"elementor-section elementor-top-section elementor-element elementor-element-bd363dd elementor-section-stretched elementor-section-full_width elementor-hidden-phone elementor-section-height-default elementor-section-height-default\" data-id=\"bd363dd\" data-element_type=\"section\" data-settings=\"{&quot;stretch_section&quot;:&quot;section-stretched&quot;}\">\n\t\t\t\t\t\t<div class=\"elementor-container elementor-column-gap-no\">\n\t\t\t\t\t\t\t<div class=\"elementor-row\">\n\t\t\t\t\t<div class=\"elementor-column elementor-col-100 elementor-top-column elementor-element elementor-element-60dc014\" data-id=\"60dc014\" data-element_type=\"column\">\n\t\t\t<div class=\"elementor-column-wrap elementor-element-populated\">\n\t\t\t\t\t\t\t<div class=\"elementor-widget-wrap\">\n\t\t\t\t\t\t<div class=\"elementor-element elementor-element-3d7167c elementor-widget elementor-widget-image\" data-id=\"3d7167c\" data-element_type=\"widget\" data-widget_type=\"image.default\">\n\t\t\t\t<div class=\"elementor-widget-container\">\n\t\t\t\t\t\t\t\t<div class=\"elementor-image\">\n\t\t\t\t\t\t\t\t\t\t\t\t<img decoding=\"async\" width=\"2560\" height=\"600\" src=\"http:\/\/immopresenter3d.com\/wp-content\/uploads\/2019\/10\/Benefits_EN.jpg\" class=\"attachment-full size-full wp-image-1080\" alt=\"\" loading=\"lazy\" srcset=\"https:\/\/immopresenter3d.com\/wp-content\/uploads\/2019\/10\/Benefits_EN.jpg 2560w, https:\/\/immopresenter3d.com\/wp-content\/uploads\/2019\/10\/Benefits_EN-300x70.jpg 300w, https:\/\/immopresenter3d.com\/wp-content\/uploads\/2019\/10\/Benefits_EN-768x180.jpg 768w, https:\/\/immopresenter3d.com\/wp-content\/uploads\/2019\/10\/Benefits_EN-1024x240.jpg 1024w\" sizes=\"(max-width: 2560px) 100vw, 2560px\" \/>\t\t\t\t\t\t\t\t\t\t\t\t\t\t<\/div>\n\t\t\t\t\t\t<\/div>\n\t\t\t\t<\/div>\n\t\t\t\t\t\t<\/div>\n\t\t\t\t\t<\/div>\n\t\t<\/div>\n\t\t\t\t\t\t\t\t<\/div>\n\t\t\t\t\t<\/div>\n\t\t<\/header>\n\t\t\t\t<header class=\"elementor-section elementor-top-section elementor-element elementor-element-bf4b120 elementor-section-stretched elementor-section-full_width elementor-hidden-desktop elementor-hidden-tablet elementor-section-height-default elementor-section-height-default\" data-id=\"bf4b120\" data-element_type=\"section\" data-settings=\"{&quot;stretch_section&quot;:&quot;section-stretched&quot;}\">\n\t\t\t\t\t\t<div class=\"elementor-container elementor-column-gap-no\">\n\t\t\t\t\t\t\t<div class=\"elementor-row\">\n\t\t\t\t\t<div class=\"elementor-column elementor-col-100 elementor-top-column elementor-element elementor-element-611090d\" data-id=\"611090d\" data-element_type=\"column\">\n\t\t\t<div class=\"elementor-column-wrap elementor-element-populated\">\n\t\t\t\t\t\t\t<div class=\"elementor-widget-wrap\">\n\t\t\t\t\t\t<div class=\"elementor-element elementor-element-b7b5aed elementor-widget elementor-widget-image\" data-id=\"b7b5aed\" data-element_type=\"widget\" data-widget_type=\"image.default\">\n\t\t\t\t<div class=\"elementor-widget-container\">\n\t\t\t\t\t\t\t\t<div class=\"elementor-image\">\n\t\t\t\t\t\t\t\t\t\t\t\t<img decoding=\"async\" width=\"768\" height=\"350\" src=\"http:\/\/immopresenter3d.com\/wp-content\/uploads\/2019\/10\/Benefits_mobile_EN.jpg\" class=\"attachment-full size-full wp-image-1078\" alt=\"\" loading=\"lazy\" srcset=\"https:\/\/immopresenter3d.com\/wp-content\/uploads\/2019\/10\/Benefits_mobile_EN.jpg 768w, https:\/\/immopresenter3d.com\/wp-content\/uploads\/2019\/10\/Benefits_mobile_EN-300x137.jpg 300w\" sizes=\"(max-width: 768px) 100vw, 768px\" \/>\t\t\t\t\t\t\t\t\t\t\t\t\t\t<\/div>\n\t\t\t\t\t\t<\/div>\n\t\t\t\t<\/div>\n\t\t\t\t\t\t<\/div>\n\t\t\t\t\t<\/div>\n\t\t<\/div>\n\t\t\t\t\t\t\t\t<\/div>\n\t\t\t\t\t<\/div>\n\t\t<\/header>\n\t\t\t\t<section class=\"elementor-section elementor-top-section elementor-element elementor-element-1c34709 bg-grey elementor-section-boxed elementor-section-height-default elementor-section-height-default\" data-id=\"1c34709\" data-element_type=\"section\">\n\t\t\t\t\t\t<div class=\"elementor-container elementor-column-gap-default\">\n\t\t\t\t\t\t\t<div class=\"elementor-row\">\n\t\t\t\t\t<div class=\"elementor-column elementor-col-100 elementor-top-column elementor-element elementor-element-0ad0492\" data-id=\"0ad0492\" data-element_type=\"column\">\n\t\t\t<div class=\"elementor-column-wrap elementor-element-populated\">\n\t\t\t\t\t\t\t<div class=\"elementor-widget-wrap\">\n\t\t\t\t\t\t<div class=\"elementor-element elementor-element-3835d96 elementor-widget elementor-widget-heading\" data-id=\"3835d96\" data-element_type=\"widget\" data-widget_type=\"heading.default\">\n\t\t\t\t<div class=\"elementor-widget-container\">\n\t\t\t<h1 class=\"elementor-heading-title elementor-size-default\">\u4f18\u70b9<\/h1>\t\t<\/div>\n\t\t\t\t<\/div>\n\t\t\t\t<div class=\"elementor-element elementor-element-065bca7 elementor-widget elementor-widget-text-editor\" data-id=\"065bca7\" data-element_type=\"widget\" data-widget_type=\"text-editor.default\">\n\t\t\t\t<div class=\"elementor-widget-container\">\n\t\t\t\t\t\t\t\t<div class=\"elementor-text-editor elementor-clearfix\">\n\t\t\t\t<p>\u81ea20\u4e16\u7eaa\u521d\u4ee5\u6765\uff0c\u5de5\u4e1a\u8fc7\u7a0b\u548c\u8fc7\u7a0b\u5df2\u901a\u8fc7\u6280\u672f\u4e0d\u65ad\u5b9e\u73b0\u81ea\u52a8\u5316\u3002 21\u4e16\u7eaa\u7684\u6570\u5b57\u6280\u672f\u6781\u5927\u5730\u52a0\u901f\u4e86\u8fd9\u4e00\u81ea\u52a8\u5316\u8fc7\u7a0b\u3002\u56e0\u6b64\u73b0\u5728\u4e5f\u53ef\u4ee5\u7531\u6570\u5b57\u89e3\u51b3\u65b9\u6848\u4ee3\u66ff\u4ee5\u524d\u7531\u4eba\u652f\u6301\u7684\u6d41\u7a0b\uff0c\u4f8b\u5982\u9500\u552e\u6d41\u7a0b\u3002\u623f\u5730\u4ea7\u884c\u4e1a\u4e5f\u53d7\u5230\u8fd9\u79cd\u6570\u5b57\u53d8\u5316\uff08\u5173\u952e\u5b57\uff06#8222; Proptech\uff06#8220;\uff09\u7684\u5f71\u54cd\uff0c\u5c24\u5176\u662f\u623f\u5730\u4ea7\u5206\u914d\u6b63\u9762\u4e34\u8d8a\u6765\u8d8a\u5927\u7684\u6548\u7387\u538b\u529b\u3002<\/p>\t\t\t\t\t<\/div>\n\t\t\t\t\t\t<\/div>\n\t\t\t\t<\/div>\n\t\t\t\t<section class=\"elementor-section elementor-inner-section elementor-element elementor-element-3bac831 elementor-section-boxed elementor-section-height-default elementor-section-height-default\" data-id=\"3bac831\" data-element_type=\"section\">\n\t\t\t\t\t\t<div class=\"elementor-container elementor-column-gap-default\">\n\t\t\t\t\t\t\t<div class=\"elementor-row\">\n\t\t\t\t\t<div class=\"elementor-column elementor-col-50 elementor-inner-column elementor-element elementor-element-0ac512d\" data-id=\"0ac512d\" data-element_type=\"column\">\n\t\t\t<div class=\"elementor-column-wrap elementor-element-populated\">\n\t\t\t\t\t\t\t<div class=\"elementor-widget-wrap\">\n\t\t\t\t\t\t<div class=\"elementor-element elementor-element-5394226 elementor-widget elementor-widget-text-editor\" data-id=\"5394226\" data-element_type=\"widget\" data-widget_type=\"text-editor.default\">\n\t\t\t\t<div class=\"elementor-widget-container\">\n\t\t\t\t\t\t\t\t<div class=\"elementor-text-editor elementor-clearfix\">\n\t\t\t\t<p><b>ImmoPresenter 3D\u5bf9\u516c\u53f8\u7684\u4e3b\u8981\u597d\u5904\uff1a<\/b><\/p><ul><li style=\"list-style-type: none;\"><ul><li>\u9500\u552e\u8fc7\u7a0b\u4e2d\u6548\u7387\u7684\u663e\u7740\u63d0\u9ad8<\/li><li>\u7b80\u5355\u7684\u6f14\u793a\u65b9\u6cd5\u6709\u6548<\/li><li>\u59cb\u7ec8\u5982\u4e00\u4e14\u65e0\u969c\u788d\u5730\u5229\u7528VR\u7684\u72ec\u7279\u4f18\u52bf<\/li><li>\u65e0\u7f1d\uff0c\u5168\u7403\u53ef\u7528\u7684\u5e94\u7528\u7a0b\u5e8f\u96c6\u6210<\/li><\/ul><\/li><\/ul>\t\t\t\t\t<\/div>\n\t\t\t\t\t\t<\/div>\n\t\t\t\t<\/div>\n\t\t\t\t\t\t<\/div>\n\t\t\t\t\t<\/div>\n\t\t<\/div>\n\t\t\t\t<div class=\"elementor-column elementor-col-50 elementor-inner-column elementor-element elementor-element-b9fd7fe\" data-id=\"b9fd7fe\" data-element_type=\"column\">\n\t\t\t<div class=\"elementor-column-wrap elementor-element-populated\">\n\t\t\t\t\t\t\t<div class=\"elementor-widget-wrap\">\n\t\t\t\t\t\t<div class=\"elementor-element elementor-element-9738312 elementor-widget elementor-widget-text-editor\" data-id=\"9738312\" data-element_type=\"widget\" data-widget_type=\"text-editor.default\">\n\t\t\t\t<div class=\"elementor-widget-container\">\n\t\t\t\t\t\t\t\t<div class=\"elementor-text-editor elementor-clearfix\">\n\t\t\t\t<p><b>ImmoPresenter 3D\u5bf9\u6700\u7ec8\u5ba2\u6237\u7684\u4e3b\u8981\u4f18\u52bf\uff1a<\/b><\/p><ul><li style=\"list-style-type: none;\"><ul><li>\u5728\u9500\u552e\u529e\u516c\u5ba4\u6216\u8fdc\u7a0b\u65b9\u4fbf\uff0c\u4e2a\u6027\u5316\u7684\u89c2\u770b\u7ea6\u4f1a<\/li><li>\u968f\u65f6\u53ef\u80fd\u8fdb\u884c\u8bbf\u95ee\uff08\u65e0\u9700\u4e0e\u73b0\u6709\u79df\u6237\u6216\u65bd\u5de5\u7ba1\u7406\u4eba\u5458\u8fdb\u884c\u534f\u8c03\uff09 <\/li><li>\u4e00\u6b21\u5373\u53ef\u67e5\u770b\u591a\u4e2a\u5bf9\u8c61<br \/><br \/><\/li><\/ul><\/li><\/ul>\t\t\t\t\t<\/div>\n\t\t\t\t\t\t<\/div>\n\t\t\t\t<\/div>\n\t\t\t\t\t\t<\/div>\n\t\t\t\t\t<\/div>\n\t\t<\/div>\n\t\t\t\t\t\t\t\t<\/div>\n\t\t\t\t\t<\/div>\n\t\t<\/section>\n\t\t\t\t<div class=\"elementor-element elementor-element-9818d34 elementor-widget elementor-widget-text-editor\" data-id=\"9818d34\" data-element_type=\"widget\" data-widget_type=\"text-editor.default\">\n\t\t\t\t<div class=\"elementor-widget-container\">\n\t\t\t\t\t\t\t\t<div class=\"elementor-text-editor elementor-clearfix\">\n\t\t\t\t<p>\u6211\u4eec\u5f88\u9ad8\u5174\u5728\u4e2a\u4eba\u5bf9\u8bdd\u4e2d\u5411\u60a8\u5c55\u793aImmoPresenter 3D\u7684\u6240\u6709\u4f18\u52bf\u3002<strong><br \/><\/strong><\/p><p><strong>\u7ed3\u8bba\uff1aImmoPresenter 3D\u6700\u7ec8\u4e3a\u5ba2\u6237\u63d0\u4f9b\u4e86\u4ed6\u4eec\u771f\u6b63\u60f3\u8981\u7684\u9500\u552e\u4f53\u9a8c\u3002 ImmoPresenter 3D\u4f7f\u516c\u53f8\u80fd\u591f\u5728\u4e0d\u65ad\u5de9\u56fa\u7684\u5e02\u573a\u4e2d\u91cd\u5851\u623f\u5730\u4ea7\u5206\u5e03\uff0c\u4ece\u800c\u53d1\u6325\u81ea\u5df1\u7684\u4f5c\u7528\uff0c\u5e76\u6700\u7ec8\u5e2e\u52a9\u5851\u9020\u5168\u7403\u623f\u5730\u4ea7\u9500\u552e\u7684\u672a\u6765\uff01<\/strong><\/p>\t\t\t\t\t<\/div>\n\t\t\t\t\t\t<\/div>\n\t\t\t\t<\/div>\n\t\t\t\t\t\t<\/div>\n\t\t\t\t\t<\/div>\n\t\t<\/div>\n\t\t\t\t\t\t\t\t<\/div>\n\t\t\t\t\t<\/div>\n\t\t<\/section>\n\t\t\t\t<section class=\"elementor-section elementor-top-section elementor-element elementor-element-ffdf883 bg-brown elementor-section-boxed elementor-section-height-default elementor-section-height-default\" data-id=\"ffdf883\" data-element_type=\"section\" id=\"vorteile\">\n\t\t\t\t\t\t<div class=\"elementor-container elementor-column-gap-default\">\n\t\t\t\t\t\t\t<div class=\"elementor-row\">\n\t\t\t\t\t<div class=\"elementor-column elementor-col-100 elementor-top-column elementor-element elementor-element-f94e5da\" data-id=\"f94e5da\" data-element_type=\"column\">\n\t\t\t<div class=\"elementor-column-wrap elementor-element-populated\">\n\t\t\t\t\t\t\t<div class=\"elementor-widget-wrap\">\n\t\t\t\t\t\t<section class=\"elementor-section elementor-inner-section elementor-element elementor-element-c2fd1aa elementor-section-boxed elementor-section-height-default elementor-section-height-default\" data-id=\"c2fd1aa\" data-element_type=\"section\">\n\t\t\t\t\t\t<div class=\"elementor-container elementor-column-gap-default\">\n\t\t\t\t\t\t\t<div class=\"elementor-row\">\n\t\t\t\t\t<div class=\"elementor-column elementor-col-100 elementor-inner-column elementor-element elementor-element-dfd542c\" data-id=\"dfd542c\" data-element_type=\"column\">\n\t\t\t<div class=\"elementor-column-wrap elementor-element-populated\">\n\t\t\t\t\t\t\t<div class=\"elementor-widget-wrap\">\n\t\t\t\t\t\t<div class=\"elementor-element elementor-element-bd5a7c2 elementor-widget elementor-widget-heading\" data-id=\"bd5a7c2\" data-element_type=\"widget\" data-widget_type=\"heading.default\">\n\t\t\t\t<div class=\"elementor-widget-container\">\n\t\t\t<h2 class=\"elementor-heading-title elementor-size-default\">ImmoPresenter 3D\u4e0e\u4ee5\u4e0b\u5e02\u573a\u53c2\u4e0e\u8005\u6709\u5173<\/h2>\t\t<\/div>\n\t\t\t\t<\/div>\n\t\t\t\t\t\t<\/div>\n\t\t\t\t\t<\/div>\n\t\t<\/div>\n\t\t\t\t\t\t\t\t<\/div>\n\t\t\t\t\t<\/div>\n\t\t<\/section>\n\t\t\t\t\t\t<\/div>\n\t\t\t\t\t<\/div>\n\t\t<\/div>\n\t\t\t\t\t\t\t\t<\/div>\n\t\t\t\t\t<\/div>\n\t\t<\/section>\n\t\t\t\t<section class=\"elementor-section elementor-top-section elementor-element elementor-element-625ea81 elementor-section-boxed elementor-section-height-default elementor-section-height-default\" data-id=\"625ea81\" data-element_type=\"section\">\n\t\t\t\t\t\t<div class=\"elementor-container elementor-column-gap-default\">\n\t\t\t\t\t\t\t<div class=\"elementor-row\">\n\t\t\t\t\t<div class=\"elementor-column elementor-col-100 elementor-top-column elementor-element elementor-element-5a0d200\" data-id=\"5a0d200\" data-element_type=\"column\">\n\t\t\t<div class=\"elementor-column-wrap elementor-element-populated\">\n\t\t\t\t\t\t\t<div class=\"elementor-widget-wrap\">\n\t\t\t\t\t\t<div class=\"elementor-element elementor-element-5bc2486 elementor-widget elementor-widget-accordion\" data-id=\"5bc2486\" data-element_type=\"widget\" data-widget_type=\"accordion.default\">\n\t\t\t\t<div class=\"elementor-widget-container\">\n\t\t\t\t\t<div class=\"elementor-accordion\" role=\"tablist\">\n\t\t\t\t\t\t\t<div class=\"elementor-accordion-item\">\n\t\t\t\t\t<div id=\"elementor-tab-title-9621\" class=\"elementor-tab-title\" data-tab=\"1\" role=\"tab\" aria-controls=\"elementor-tab-content-9621\" aria-expanded=\"false\">\n\t\t\t\t\t\t\t\t\t\t\t\t\t<span class=\"elementor-accordion-icon elementor-accordion-icon-left\" aria-hidden=\"true\">\n\t\t\t\t\t\t\t\t\t\t\t\t\t\t\t<span class=\"elementor-accordion-icon-closed\"><i class=\"fas fa-plus\"><\/i><\/span>\n\t\t\t\t\t\t\t\t<span class=\"elementor-accordion-icon-opened\"><i class=\"fas fa-minus\"><\/i><\/span>\n\t\t\t\t\t\t\t\t\t\t\t\t\t\t<\/span>\n\t\t\t\t\t\t\t\t\t\t\t\t<a class=\"elementor-accordion-title\" href=\"\">\u623f\u5c4b\u516c\u53f8\u548c\u623f\u5c4b\u534f\u4f1a<\/a>\n\t\t\t\t\t<\/div>\n\t\t\t\t\t<div id=\"elementor-tab-content-9621\" class=\"elementor-tab-content elementor-clearfix\" data-tab=\"1\" role=\"tabpanel\" aria-labelledby=\"elementor-tab-title-9621\"><p>\u65e0\u8bba\u662f\u4f5c\u4e3a\u4e00\u5bb6\u4f4f\u623f\u516c\u53f8\u8981\u6bcf\u5929\u6700\u4f73\u5730\u6ee1\u8db3\u5176\u79df\u6237\u7684\u4f17\u591a\u9700\u6c42\uff0c\u8fd8\u662f\u4f5c\u4e3a\u4e00\u5bb6\u4f4f\u623f\u534f\u4f1a\uff0c\u4e5f\u5fc5\u987b\u5728\u9500\u552e\u4e2d\u7ecf\u6d4e\u5730\u6ee1\u8db3\u5bf9\u4f4f\u623f\u4e0d\u65ad\u589e\u957f\u7684\u9700\u6c42\uff1b ImmoPresenter 3D\u662f\u672a\u6765\u4ee5\u6570\u5b57\u65b9\u5f0f\u5e94\u5bf921\u4e16\u7eaa\u623f\u5730\u4ea7\u884c\u4e1a\u4e1a\u52a1\u6311\u6218\u7684\u5b8c\u7f8e\u5de5\u5177\u3002\u4f7f\u7528ImmoPresenter 3D\uff0c\u53ef\u4ee5\u5728\u5c06\u6765\u6709\u6548\u5730\u5c55\u793a\u548c\u5206\u53d1\u73b0\u6709\u5c5e\u6027\u4ee5\u53ca\u65b0\u7684\u5efa\u7b51\u9879\u76ee\u3002 ImmoPresenter 3D\u59cb\u7ec8\u5728\u5efa\u7acb\u4fe1\u4efb\u7684\u53c2\u8003\u9879\u76ee\u4e2d\u3002<\/p><\/div>\n\t\t\t\t<\/div>\n\t\t\t\t\t\t\t<div class=\"elementor-accordion-item\">\n\t\t\t\t\t<div id=\"elementor-tab-title-9622\" class=\"elementor-tab-title\" data-tab=\"2\" role=\"tab\" aria-controls=\"elementor-tab-content-9622\" aria-expanded=\"false\">\n\t\t\t\t\t\t\t\t\t\t\t\t\t<span class=\"elementor-accordion-icon elementor-accordion-icon-left\" aria-hidden=\"true\">\n\t\t\t\t\t\t\t\t\t\t\t\t\t\t\t<span class=\"elementor-accordion-icon-closed\"><i class=\"fas fa-plus\"><\/i><\/span>\n\t\t\t\t\t\t\t\t<span class=\"elementor-accordion-icon-opened\"><i class=\"fas fa-minus\"><\/i><\/span>\n\t\t\t\t\t\t\t\t\t\t\t\t\t\t<\/span>\n\t\t\t\t\t\t\t\t\t\t\t\t<a class=\"elementor-accordion-title\" href=\"\">\u623f\u5730\u4ea7\u670d\u52a1<\/a>\n\t\t\t\t\t<\/div>\n\t\t\t\t\t<div id=\"elementor-tab-content-9622\" class=\"elementor-tab-content elementor-clearfix\" data-tab=\"2\" role=\"tabpanel\" aria-labelledby=\"elementor-tab-title-9622\"><p>\u7279\u522b\u662f\uff0c\u5177\u6709\u73b0\u6709\u9500\u552e\u7ed3\u6784\u548c\u4f17\u591a\u9500\u552e\u5730\u70b9\u7684\u5927\u578b\u623f\u5730\u4ea7\u670d\u52a1\u63d0\u4f9b\u5546\u53ef\u4ee5\u4eceImmoPresenter 3D\u4e2d\u83b7\u5f97\u6700\u5927\u6536\u76ca\u3002\u533a\u522b\u4e8e\u7ade\u4e89\u548c\u9769\u65b0\u7684\u9500\u552e\u6d41\u7a0b\u53ea\u662f\u4e24\u4e2a\u5173\u952e\u8bcd\u3002 ImmoPresenter 3D\u662f\u623f\u5730\u4ea7\u9500\u552e\u6570\u5b57\u5316\u8fc7\u7a0b\u4e2d\u7684\u4e0b\u4e00\u4e2a\u903b\u8f91\u6b65\u9aa4\u3002\u672a\u6765\u5c5e\u4e8e\u73b0\u5728\u8ba4\u8bc6\u5230\u8fd9\u4e00\u70b9\u7684\u623f\u5730\u4ea7\u670d\u52a1\u63d0\u4f9b\u5546\uff01<\/p><\/div>\n\t\t\t\t<\/div>\n\t\t\t\t\t\t\t<div class=\"elementor-accordion-item\">\n\t\t\t\t\t<div id=\"elementor-tab-title-9623\" class=\"elementor-tab-title\" data-tab=\"3\" role=\"tab\" aria-controls=\"elementor-tab-content-9623\" aria-expanded=\"false\">\n\t\t\t\t\t\t\t\t\t\t\t\t\t<span class=\"elementor-accordion-icon elementor-accordion-icon-left\" aria-hidden=\"true\">\n\t\t\t\t\t\t\t\t\t\t\t\t\t\t\t<span class=\"elementor-accordion-icon-closed\"><i class=\"fas fa-plus\"><\/i><\/span>\n\t\t\t\t\t\t\t\t<span class=\"elementor-accordion-icon-opened\"><i class=\"fas fa-minus\"><\/i><\/span>\n\t\t\t\t\t\t\t\t\t\t\t\t\t\t<\/span>\n\t\t\t\t\t\t\t\t\t\t\t\t<a class=\"elementor-accordion-title\" href=\"\">\u623f\u5730\u4ea7\u95e8\u6237<\/a>\n\t\t\t\t\t<\/div>\n\t\t\t\t\t<div id=\"elementor-tab-content-9623\" class=\"elementor-tab-content elementor-clearfix\" data-tab=\"3\" role=\"tabpanel\" aria-labelledby=\"elementor-tab-title-9623\"><p>\u4eca\u5929\uff0c\u7ecf\u8425\u6210\u529f\u7684\u623f\u5730\u4ea7\u95e8\u6237\u7f51\u7ad9\u7684\u4efb\u4f55\u4eba\u90fd\u77e5\u9053\u667a\u80fd\u8425\u9500\u548c\u6570\u5b57\u80fd\u529b\u7684\u4e0d\u53ef\u6216\u7f3a\u3002 ImmoPresenter 3D\u5c06\u4e24\u8005\u63d0\u5347\u5230\u4e00\u4e2a\u65b0\u7684\u9ad8\u5ea6\u3002\u51ed\u501f\u8fd9\u79cd\u521b\u65b0\u7684\u529b\u91cf\uff0c\u623f\u5730\u4ea7\u95e8\u6237\u7f51\u7ad9\u4e0d\u4ec5\u53ef\u4ee5\u634d\u536b\u81ea\u5df1\u7684\u5e02\u573a\u5730\u4f4d\uff0c\u800c\u4e14\u53ef\u4ee5\u5927\u5e45\u5ea6\u6269\u5c55\u5b83\uff01<\/p><\/div>\n\t\t\t\t<\/div>\n\t\t\t\t\t\t\t<div class=\"elementor-accordion-item\">\n\t\t\t\t\t<div id=\"elementor-tab-title-9624\" class=\"elementor-tab-title\" data-tab=\"4\" role=\"tab\" aria-controls=\"elementor-tab-content-9624\" aria-expanded=\"false\">\n\t\t\t\t\t\t\t\t\t\t\t\t\t<span class=\"elementor-accordion-icon elementor-accordion-icon-left\" aria-hidden=\"true\">\n\t\t\t\t\t\t\t\t\t\t\t\t\t\t\t<span class=\"elementor-accordion-icon-closed\"><i class=\"fas fa-plus\"><\/i><\/span>\n\t\t\t\t\t\t\t\t<span class=\"elementor-accordion-icon-opened\"><i class=\"fas fa-minus\"><\/i><\/span>\n\t\t\t\t\t\t\t\t\t\t\t\t\t\t<\/span>\n\t\t\t\t\t\t\t\t\t\t\t\t<a class=\"elementor-accordion-title\" href=\"\">\u6295\u8d44\u8005<\/a>\n\t\t\t\t\t<\/div>\n\t\t\t\t\t<div id=\"elementor-tab-content-9624\" class=\"elementor-tab-content elementor-clearfix\" data-tab=\"4\" role=\"tabpanel\" aria-labelledby=\"elementor-tab-title-9624\"><p>21\u4e16\u7eaa\u6807\u5fd7\u7740\u5de8\u5927\u7684\u5de5\u4e1a\u53d8\u9769\u3002\u8fd9\u4e9b\u662f\u7531\u65b0\u7684\u6570\u5b57\u6280\u672f\u9a71\u52a8\u7684\uff0c\u8fd9\u4e9b\u6280\u672f\u4e00\u6b21\u53ef\u4ee5\u6839\u672c\u6539\u53d8\u4e00\u4e2a\u884c\u4e1a\u3002\u8fd9\u4e0d\u6392\u9664\u623f\u5730\u4ea7\u9500\u552e\u3002\u4f5c\u4e3a\u6295\u8d44\u8005\uff0c\u8bf7\u6293\u4f4f\u673a\u4f1a\u5c3d\u65e9\u52a0\u5165ImmoPresenter 3D\uff0c\u5e76\u4e0e\u6211\u4eec\u4e00\u8d77\u5851\u9020\u672a\u6765\u7684\u672a\u6765\uff1a\u5fb7\u56fd\u5236\u9020\u7684\u6570\u5b57\u5316\u8f6c\u578b-\u5145\u6ee1\u8bda\u610f\u548c\u8d23\u4efb\u5fc3\uff01<\/p><\/div>\n\t\t\t\t<\/div>\n\t\t\t\t\t\t\t\t<\/div>\n\t\t\t\t<\/div>\n\t\t\t\t<\/div>\n\t\t\t\t\t\t<\/div>\n\t\t\t\t\t<\/div>\n\t\t<\/div>\n\t\t\t\t\t\t\t\t<\/div>\n\t\t\t\t\t<\/div>\n\t\t<\/section>\n\t\t\t\t\t\t\t\t\t<\/div>\n\t\t\t<\/div>\n\t\t\t\t\t<\/div>","protected":false},"excerpt":{"rendered":"<p>Benefits Seit Beginn des 20. Jahrhunderts werden industrielle Arbeitsschritte und Prozesse unaufh\u00f6rlich durch Technologie automatisiert. Die Digital-Technologien des 21. Jahrhunderts beschleunigen diesen Automatisierungsvorgang erheblich; sodass nunmehr auch bisher vom Menschen unterst\u00fctzte Prozesse, beispielsweise der Verkaufsprozess, durch digitale L\u00f6sungen ersetzt werden. Auch die Immobilienwirtschaft ist von dieser digitalen Ver\u00e4nderung betroffen (Stichwort &#8222;Proptech&#8220;) und insbesondere der Immobilienvertrieb &hellip;<\/p>\n<p class=\"read-more\"> <a class=\"\" href=\"https:\/\/immopresenter3d.com\/zh\/benefits\/\"> <span class=\"screen-reader-text\">\u4f18\u70b9<\/span> \u67e5\u770b\u5168\u6587\u00bb<\/a><\/p>","protected":false},"author":1,"featured_media":0,"parent":0,"menu_order":0,"comment_status":"closed","ping_status":"closed","template":"","meta":{"_mi_skip_tracking":false},"jetpack_sharing_enabled":false,"jetpack_likes_enabled":false,"_links":{"self":[{"href":"https:\/\/immopresenter3d.com\/zh\/wp-json\/wp\/v2\/pages\/445"}],"collection":[{"href":"https:\/\/immopresenter3d.com\/zh\/wp-json\/wp\/v2\/pages"}],"about":[{"href":"https:\/\/immopresenter3d.com\/zh\/wp-json\/wp\/v2\/types\/page"}],"author":[{"embeddable":true,"href":"https:\/\/immopresenter3d.com\/zh\/wp-json\/wp\/v2\/users\/1"}],"replies":[{"embeddable":true,"href":"https:\/\/immopresenter3d.com\/zh\/wp-json\/wp\/v2\/comments?post=445"}],"version-history":[{"count":48,"href":"https:\/\/immopresenter3d.com\/zh\/wp-json\/wp\/v2\/pages\/445\/revisions"}],"predecessor-version":[{"id":3457,"href":"https:\/\/immopresenter3d.com\/zh\/wp-json\/wp\/v2\/pages\/445\/revisions\/3457"}],"wp:attachment":[{"href":"https:\/\/immopresenter3d.com\/zh\/wp-json\/wp\/v2\/media?parent=445"}],"curies":[{"name":"wp","href":"https:\/\/api.w.org\/{rel}","templated":true}]}}